{"id":1413,"date":"2023-05-16T16:05:39","date_gmt":"2023-05-16T16:05:39","guid":{"rendered":"https:\/\/www.greyhound.si\/?page_id=1413"},"modified":"2023-06-05T18:38:33","modified_gmt":"2023-06-05T18:38:33","slug":"booking_prekmurje_si","status":"publish","type":"page","link":"https:\/\/www.greyhound.si\/?page_id=1413&lang=sl","title":{"rendered":"booking_prekmurje_si"},"content":{"rendered":"<p>[et_pb_section fb_built=&#8221;1&#8243; _builder_version=&#8221;4.20.4&#8243; _module_preset=&#8221;default&#8221; global_colors_info=&#8221;{}&#8221;][et_pb_row column_structure=&#8221;2_3,1_3&#8243; disabled_on=&#8221;on|on|on&#8221; _builder_version=&#8221;4.20.4&#8243; _module_preset=&#8221;default&#8221; disabled=&#8221;on&#8221; global_colors_info=&#8221;{}&#8221;][et_pb_column type=&#8221;2_3&#8243; _builder_version=&#8221;4.20.4&#8243; _module_preset=&#8221;default&#8221; global_colors_info=&#8221;{}&#8221;][et_pb_text _builder_version=&#8221;4.20.4&#8243; _module_preset=&#8221;default&#8221; global_colors_info=&#8221;{}&#8221;]<\/p>\n<p><strong style=\"font-size: 30px;\">GREYHOUND najem apartmajev<\/strong><\/p>\n<p>Dobrodo\u0161li. Izberite si svojo destinacijo za dopust.<strong style=\"font-size: 30px;\"><\/strong><\/p>\n<p><strong style=\"font-size: 30px;\"><\/strong><\/p>\n<p>[\/et_pb_text][\/et_pb_column][et_pb_column type=&#8221;1_3&#8243; _builder_version=&#8221;4.20.4&#8243; _module_preset=&#8221;default&#8221; global_colors_info=&#8221;{}&#8221;][\/et_pb_column][\/et_pb_row][et_pb_row column_structure=&#8221;1_2,1_2&#8243; _builder_version=&#8221;4.20.4&#8243; _module_preset=&#8221;default&#8221; global_colors_info=&#8221;{}&#8221;][et_pb_column type=&#8221;1_2&#8243; _builder_version=&#8221;4.20.4&#8243; _module_preset=&#8221;default&#8221; global_colors_info=&#8221;{}&#8221;][et_pb_image src=&#8221;https:\/\/www.greyhound.si\/wp-content\/uploads\/2023\/04\/prekmurje.png&#8221; title_text=&#8221;prekmurje&#8221; _builder_version=&#8221;4.20.4&#8243; _module_preset=&#8221;default&#8221; global_colors_info=&#8221;{}&#8221;][\/et_pb_image][et_pb_blurb title=&#8221;Prekmurje&#8221; use_icon=&#8221;on&#8221; _builder_version=&#8221;4.21.0&#8243; _module_preset=&#8221;default&#8221; hover_enabled=&#8221;0&#8243; global_colors_info=&#8221;{}&#8221; sticky_enabled=&#8221;0&#8243;]<\/p>\n<p><span>Prekmurje je slikovita regija v severovzhodni Sloveniji, znana po svojem edinstvenem me\u0161anju slovenske, mad\u017earske in hrva\u0161ke kulture. Njegova ravninska pokrajina je posejana z o\u010darljivimi vasmi, termalnimi kopali\u0161\u010di in vinogradi. Obiskovalci lahko u\u017eivajo v tradicionalnih jedeh, kot je gibanica, poskusijo lokalna vina in raziskujejo osupljivo pokrajino Naravnega parka Gori\u010dko.<\/span><\/p>\n<p>[\/et_pb_blurb][\/et_pb_column][et_pb_column type=&#8221;1_2&#8243; _builder_version=&#8221;4.20.4&#8243; _module_preset=&#8221;default&#8221; global_colors_info=&#8221;{}&#8221;][et_pb_image src=&#8221;https:\/\/www.greyhound.si\/wp-content\/uploads\/2023\/04\/hungary.png&#8221; title_text=&#8221;hungary&#8221; url=&#8221;?page_id=1416&#038;lang=sl&#8221; _builder_version=&#8221;4.21.0&#8243; _module_preset=&#8221;default&#8221; filter_saturate=&#8221;0%&#8221; filter_opacity=&#8221;49%&#8221; global_colors_info=&#8221;{}&#8221; src__hover_enabled=&#8221;on|desktop&#8221; filter_saturate__hover_enabled=&#8221;on|desktop&#8221; filter_saturate__hover=&#8221;100%&#8221; filter_opacity__hover_enabled=&#8221;on|desktop&#8221; filter_opacity__hover=&#8221;100%&#8221; src__hover=&#8221;https:\/\/www.greyhound.si\/wp-content\/uploads\/2023\/04\/hungary.png&#8221;][\/et_pb_image][\/et_pb_column][\/et_pb_row][et_pb_row column_structure=&#8221;1_3,1_3,1_3&#8243; _builder_version=&#8221;4.20.4&#8243; _module_preset=&#8221;default&#8221; global_colors_info=&#8221;{}&#8221;][et_pb_column type=&#8221;1_3&#8243; _builder_version=&#8221;4.20.4&#8243; _module_preset=&#8221;default&#8221; global_colors_info=&#8221;{}&#8221;][mphb-divi-single-accommodation id=&#8221;894&#8243; _builder_version=&#8221;4.20.4&#8243; _module_preset=&#8221;default&#8221; global_colors_info=&#8221;{}&#8221;][\/mphb-divi-single-accommodation][\/et_pb_column][et_pb_column type=&#8221;1_3&#8243; _builder_version=&#8221;4.20.4&#8243; _module_preset=&#8221;default&#8221; global_colors_info=&#8221;{}&#8221;][mphb-divi-single-accommodation id=&#8221;461&#8243; _builder_version=&#8221;4.20.4&#8243; _module_preset=&#8221;default&#8221; global_colors_info=&#8221;{}&#8221;][\/mphb-divi-single-accommodation][\/et_pb_column][et_pb_column type=&#8221;1_3&#8243; _builder_version=&#8221;4.20.4&#8243; _module_preset=&#8221;default&#8221; global_colors_info=&#8221;{}&#8221;][mphb-divi-single-accommodation id=&#8221;475&#8243; _builder_version=&#8221;4.20.4&#8243; _module_preset=&#8221;default&#8221; global_colors_info=&#8221;{}&#8221;][\/mphb-divi-single-accommodation][\/et_pb_column][\/et_pb_row][\/et_pb_section]<\/p>\n","protected":false},"excerpt":{"rendered":"<p>GREYHOUND najem apartmajev Dobrodo\u0161li. Izberite si svojo destinacijo za dopust. Prekmurje je slikovita regija v severovzhodni Sloveniji, znana po svojem edinstvenem me\u0161anju slovenske, mad\u017earske in hrva\u0161ke kulture. Njegova ravninska pokrajina je posejana z o\u010darljivimi vasmi, termalnimi kopali\u0161\u010di in vinogradi. Obiskovalci lahko u\u017eivajo v tradicionalnih jedeh, kot je gibanica, poskusijo lokalna vina in raziskujejo osupljivo pokrajino [&hellip;]<\/p>\n","protected":false},"author":1,"featured_media":0,"parent":0,"menu_order":0,"comment_status":"closed","ping_status":"closed","template":"","meta":{"_et_pb_use_builder":"on","_et_pb_old_content":"","_et_gb_content_width":"","footnotes":""},"class_list":["post-1413","page","type-page","status-publish","hentry"],"_links":{"self":[{"href":"https:\/\/www.greyhound.si\/index.php?rest_route=\/wp\/v2\/pages\/1413","targetHints":{"allow":["GET"]}}],"collection":[{"href":"https:\/\/www.greyhound.si\/index.php?rest_route=\/wp\/v2\/pages"}],"about":[{"href":"https:\/\/www.greyhound.si\/index.php?rest_route=\/wp\/v2\/types\/page"}],"author":[{"embeddable":true,"href":"https:\/\/www.greyhound.si\/index.php?rest_route=\/wp\/v2\/users\/1"}],"replies":[{"embeddable":true,"href":"https:\/\/www.greyhound.si\/index.php?rest_route=%2Fwp%2Fv2%2Fcomments&post=1413"}],"version-history":[{"count":6,"href":"https:\/\/www.greyhound.si\/index.php?rest_route=\/wp\/v2\/pages\/1413\/revisions"}],"predecessor-version":[{"id":2266,"href":"https:\/\/www.greyhound.si\/index.php?rest_route=\/wp\/v2\/pages\/1413\/revisions\/2266"}],"wp:attachment":[{"href":"https:\/\/www.greyhound.si\/index.php?rest_route=%2Fwp%2Fv2%2Fmedia&parent=1413"}],"curies":[{"name":"wp","href":"https:\/\/api.w.org\/{rel}","templated":true}]}}