{"id":1403,"date":"2023-05-16T16:00:14","date_gmt":"2023-05-16T16:00:14","guid":{"rendered":"https:\/\/www.greyhound.si\/?page_id=1403"},"modified":"2023-06-06T19:41:36","modified_gmt":"2023-06-06T19:41:36","slug":"exterior_landscaping_si","status":"publish","type":"page","link":"https:\/\/www.greyhound.si\/?page_id=1403&lang=sl","title":{"rendered":"exterior_landscaping_si"},"content":{"rendered":"<p>[et_pb_section fb_built=&#8221;1&#8243; _builder_version=&#8221;4.16&#8243; _module_preset=&#8221;default&#8221; background_color=&#8221;#0F3762&#8243; custom_padding=&#8221;0px|||||&#8221; global_colors_info=&#8221;{}&#8221;][et_pb_row _builder_version=&#8221;4.16&#8243; _module_preset=&#8221;default&#8221; global_colors_info=&#8221;{}&#8221;][et_pb_column type=&#8221;4_4&#8243; _builder_version=&#8221;4.16&#8243; _module_preset=&#8221;default&#8221; global_colors_info=&#8221;{}&#8221;][et_pb_text _builder_version=&#8221;4.21.0&#8243; _module_preset=&#8221;default&#8221; text_text_color=&#8221;#FFFFFF&#8221; text_font_size=&#8221;30px&#8221; text_line_height=&#8221;1em&#8221; header_text_color=&#8221;#FFFFFF&#8221; header_font_size=&#8221;37px&#8221; global_colors_info=&#8221;{}&#8221;]<\/p>\n<p style=\"text-align: left;\">Upravljanje nepremi\u010dnin<\/p>\n<p>[\/et_pb_text][et_pb_text _builder_version=&#8221;4.21.0&#8243; _module_preset=&#8221;default&#8221; text_text_color=&#8221;#FFFFFF&#8221; text_font_size=&#8221;1px&#8221; header_text_color=&#8221;#EA7B2E&#8221; header_font_size=&#8221;51px&#8221; hover_enabled=&#8221;0&#8243; global_colors_info=&#8221;{}&#8221; sticky_enabled=&#8221;0&#8243;]<\/p>\n<h1><b>Urejanje okolice<\/b><\/h1>\n<p>[\/et_pb_text][\/et_pb_column][\/et_pb_row][et_pb_row column_structure=&#8221;3_5,2_5&#8243; _builder_version=&#8221;4.16&#8243; _module_preset=&#8221;default&#8221; global_colors_info=&#8221;{}&#8221;][et_pb_column type=&#8221;3_5&#8243; _builder_version=&#8221;4.16&#8243; _module_preset=&#8221;default&#8221; global_colors_info=&#8221;{}&#8221;][et_pb_text _builder_version=&#8221;4.21.0&#8243; _module_preset=&#8221;default&#8221; text_text_color=&#8221;#FFFFFF&#8221; global_colors_info=&#8221;{}&#8221;]<\/p>\n<blockquote>\n<p><strong>Kvalificirani v vrtnarstvu, tako v komercialni dejavnosti kot na podro\u010dju urejanja okolice in gradnje, smo ustvarjalni, izku\u0161eni in navdu\u0161eni nad spreminjanjem obi\u010dajnega zemlji\u0161\u010da v cveto\u010de naravno okolje, ki bo \u010debelam nudilo obilje hrane in zato\u010di\u0161\u010de.<\/strong><\/p>\n<\/blockquote>\n<p><span>Prilagojeno oblikovanje, ki ustreza va\u0161emu prora\u010dunu in zahtevam, je klju\u010dnega pomena, zato je sestanek z na\u0161o ekipo strokovnjakov pravi korak.<\/span><\/p>\n<p><span> Obrnite se na na\u0161o ekipo, da se pogovorite o svojih potrebah. Kliknite na gumb za klepet na dnu zaslona in se v nekaj sekundah pove\u017eite z enim od \u010dlanov ekipe.<\/span><\/p>\n<blockquote>\n<p><strong>Dovolite nam, da va\u0161e zemlji\u0161\u010de spremenimo v praznik barv, vonjev in naravne dobrote za \u010debele, metulje in ptice.<\/strong><\/p>\n<\/blockquote>\n<p>[\/et_pb_text][\/et_pb_column][et_pb_column type=&#8221;2_5&#8243; _builder_version=&#8221;4.16&#8243; _module_preset=&#8221;default&#8221; global_colors_info=&#8221;{}&#8221;][et_pb_gallery gallery_ids=&#8221;1303&#8243; _builder_version=&#8221;4.21.0&#8243; _module_preset=&#8221;default&#8221; global_colors_info=&#8221;{}&#8221;][\/et_pb_gallery][\/et_pb_column][\/et_pb_row][\/et_pb_section][et_pb_section fb_built=&#8221;1&#8243; _builder_version=&#8221;4.21.0&#8243; _module_preset=&#8221;default&#8221; background_color=&#8221;#EA7B2E&#8221; global_colors_info=&#8221;{}&#8221;][et_pb_row _builder_version=&#8221;4.21.0&#8243; _module_preset=&#8221;default&#8221; global_colors_info=&#8221;{}&#8221;][et_pb_column type=&#8221;4_4&#8243; _builder_version=&#8221;4.21.0&#8243; _module_preset=&#8221;default&#8221; global_colors_info=&#8221;{}&#8221;][et_pb_gallery gallery_ids=&#8221;1279,1278,1282,1280&#8243; show_title_and_caption=&#8221;off&#8221; show_pagination=&#8221;off&#8221; _builder_version=&#8221;4.21.0&#8243; _module_preset=&#8221;default&#8221; global_colors_info=&#8221;{}&#8221;][\/et_pb_gallery][\/et_pb_column][\/et_pb_row][\/et_pb_section][et_pb_section fb_built=&#8221;1&#8243; _builder_version=&#8221;4.21.0&#8243; _module_preset=&#8221;default&#8221; background_color=&#8221;#0F3762&#8243; global_colors_info=&#8221;{}&#8221;][et_pb_row _builder_version=&#8221;4.21.0&#8243; _module_preset=&#8221;default&#8221; global_colors_info=&#8221;{}&#8221;][et_pb_column type=&#8221;4_4&#8243; _builder_version=&#8221;4.21.0&#8243; _module_preset=&#8221;default&#8221; global_colors_info=&#8221;{}&#8221;][et_pb_gallery gallery_ids=&#8221;2155,2152,2158,2161,2159&#8243; show_title_and_caption=&#8221;off&#8221; show_pagination=&#8221;off&#8221; _builder_version=&#8221;4.21.0&#8243; _module_preset=&#8221;default&#8221; global_colors_info=&#8221;{}&#8221;][\/et_pb_gallery][\/et_pb_column][\/et_pb_row][\/et_pb_section]<\/p>\n","protected":false},"excerpt":{"rendered":"<p>Upravljanje nepremi\u010dninUrejanje okolice Kvalificirani v vrtnarstvu, tako v komercialni dejavnosti kot na podro\u010dju urejanja okolice in gradnje, smo ustvarjalni, izku\u0161eni in navdu\u0161eni nad spreminjanjem obi\u010dajnega zemlji\u0161\u010da v cveto\u010de naravno okolje, ki bo \u010debelam nudilo obilje hrane in zato\u010di\u0161\u010de. Prilagojeno oblikovanje, ki ustreza va\u0161emu prora\u010dunu in zahtevam, je klju\u010dnega pomena, zato je sestanek z na\u0161o ekipo [&hellip;]<\/p>\n","protected":false},"author":1,"featured_media":0,"parent":0,"menu_order":0,"comment_status":"closed","ping_status":"closed","template":"","meta":{"_et_pb_use_builder":"on","_et_pb_old_content":"","_et_gb_content_width":"","footnotes":""},"class_list":["post-1403","page","type-page","status-publish","hentry"],"_links":{"self":[{"href":"https:\/\/www.greyhound.si\/index.php?rest_route=\/wp\/v2\/pages\/1403","targetHints":{"allow":["GET"]}}],"collection":[{"href":"https:\/\/www.greyhound.si\/index.php?rest_route=\/wp\/v2\/pages"}],"about":[{"href":"https:\/\/www.greyhound.si\/index.php?rest_route=\/wp\/v2\/types\/page"}],"author":[{"embeddable":true,"href":"https:\/\/www.greyhound.si\/index.php?rest_route=\/wp\/v2\/users\/1"}],"replies":[{"embeddable":true,"href":"https:\/\/www.greyhound.si\/index.php?rest_route=%2Fwp%2Fv2%2Fcomments&post=1403"}],"version-history":[{"count":7,"href":"https:\/\/www.greyhound.si\/index.php?rest_route=\/wp\/v2\/pages\/1403\/revisions"}],"predecessor-version":[{"id":2290,"href":"https:\/\/www.greyhound.si\/index.php?rest_route=\/wp\/v2\/pages\/1403\/revisions\/2290"}],"wp:attachment":[{"href":"https:\/\/www.greyhound.si\/index.php?rest_route=%2Fwp%2Fv2%2Fmedia&parent=1403"}],"curies":[{"name":"wp","href":"https:\/\/api.w.org\/{rel}","templated":true}]}}