{"id":1400,"date":"2023-05-16T15:58:40","date_gmt":"2023-05-16T15:58:40","guid":{"rendered":"https:\/\/www.greyhound.si\/?page_id=1400"},"modified":"2023-06-06T19:38:41","modified_gmt":"2023-06-06T19:38:41","slug":"interior_landscaping_si","status":"publish","type":"page","link":"https:\/\/www.greyhound.si\/?page_id=1400&lang=sl","title":{"rendered":"interior_landscaping_si"},"content":{"rendered":"<p>[et_pb_section fb_built=&#8221;1&#8243; _builder_version=&#8221;4.16&#8243; _module_preset=&#8221;default&#8221; background_color=&#8221;#0F3762&#8243; custom_padding=&#8221;0px|||||&#8221; global_colors_info=&#8221;{}&#8221;][et_pb_row _builder_version=&#8221;4.16&#8243; _module_preset=&#8221;default&#8221; global_colors_info=&#8221;{}&#8221;][et_pb_column type=&#8221;4_4&#8243; _builder_version=&#8221;4.16&#8243; _module_preset=&#8221;default&#8221; global_colors_info=&#8221;{}&#8221;][et_pb_text _builder_version=&#8221;4.21.0&#8243; _module_preset=&#8221;default&#8221; text_text_color=&#8221;#FFFFFF&#8221; text_font_size=&#8221;30px&#8221; text_line_height=&#8221;1em&#8221; header_text_color=&#8221;#FFFFFF&#8221; header_font_size=&#8221;37px&#8221; hover_enabled=&#8221;0&#8243; global_colors_info=&#8221;{}&#8221; sticky_enabled=&#8221;0&#8243;]<\/p>\n<p style=\"text-align: left;\">Upravljanje nepremi\u010dnin<\/p>\n<p>[\/et_pb_text][et_pb_text _builder_version=&#8221;4.21.0&#8243; _module_preset=&#8221;default&#8221; text_text_color=&#8221;#FFFFFF&#8221; text_font_size=&#8221;1px&#8221; header_text_color=&#8221;#EA7B2E&#8221; header_font_size=&#8221;51px&#8221; hover_enabled=&#8221;0&#8243; global_colors_info=&#8221;{}&#8221; sticky_enabled=&#8221;0&#8243;]<\/p>\n<h1 style=\"text-align: left;\"><strong>Notranje oblikovanje<\/strong><\/h1>\n<p>[\/et_pb_text][\/et_pb_column][\/et_pb_row][et_pb_row column_structure=&#8221;3_5,2_5&#8243; _builder_version=&#8221;4.21.0&#8243; _module_preset=&#8221;default&#8221; global_colors_info=&#8221;{}&#8221;][et_pb_column type=&#8221;3_5&#8243; _builder_version=&#8221;4.16&#8243; _module_preset=&#8221;default&#8221; global_colors_info=&#8221;{}&#8221;][et_pb_text _builder_version=&#8221;4.21.0&#8243; _module_preset=&#8221;default&#8221; text_text_color=&#8221;#FFFFFF&#8221; global_colors_info=&#8221;{}&#8221;]<\/p>\n<blockquote>\n<p><strong>Po ve\u010d letih dela v Londonu za podjetje Urban Planters, kjer smo opremljali pisarne in domove, zdaj prina\u0161amo na\u0161e znanje tudi k vam.<\/strong><\/p>\n<\/blockquote>\n<p><span>Kvalificirani za notranjo oblikovanje smo ustvarjalni strokovnjaki na podro\u010dju zelenja, rastlin in cvetja za va\u0161 dom in pisarno. <\/span><\/p>\n<p><span><\/span><\/p>\n<p><span>Pisarne \u0161e posebej ponujajo ugodno okolje za uspevanje tropskih rastlin. Tudi domovi lahko nudijo idealno okolje za \u0161tevilne vrste rastlin. Smo strokovnjaki pri dolo\u010danju, katera rastlina kam sodi in kako jih zdru\u017eiti, da dose\u017eemo najbolj\u0161i izgled. Na\u0161e podjetje lahko osve\u017ei najbolj puste sobe z najlep\u0161imi stvaritvami narave. <\/span><\/p>\n<blockquote>\n<p><span>Lahko se dogovorimo za dolgoro\u010dne vzdr\u017eevalne pakete, pri \u010demer na\u0161a ekipa obi\u0161\u010de va\u0161e prostore enkrat na mesec, da vzdr\u017euje izgled in zaliva rastline. Pokli\u010dite nas, da se pogovorimo o va\u0161ih zahtevah \u0161e danes!<\/span><\/p>\n<\/blockquote>\n<p>[\/et_pb_text][\/et_pb_column][et_pb_column type=&#8221;2_5&#8243; _builder_version=&#8221;4.16&#8243; _module_preset=&#8221;default&#8221; global_colors_info=&#8221;{}&#8221;][et_pb_gallery gallery_ids=&#8221;1293&#8243; _builder_version=&#8221;4.21.0&#8243; _module_preset=&#8221;default&#8221; global_colors_info=&#8221;{}&#8221;][\/et_pb_gallery][\/et_pb_column][\/et_pb_row][\/et_pb_section][et_pb_section fb_built=&#8221;1&#8243; _builder_version=&#8221;4.21.0&#8243; _module_preset=&#8221;default&#8221; background_color=&#8221;#EA7B2E&#8221; global_colors_info=&#8221;{}&#8221;][et_pb_row _builder_version=&#8221;4.21.0&#8243; _module_preset=&#8221;default&#8221; global_colors_info=&#8221;{}&#8221;][et_pb_column type=&#8221;4_4&#8243; _builder_version=&#8221;4.21.0&#8243; _module_preset=&#8221;default&#8221; global_colors_info=&#8221;{}&#8221;][et_pb_gallery gallery_ids=&#8221;1826,2122,1931,1281&#8243; show_title_and_caption=&#8221;off&#8221; show_pagination=&#8221;off&#8221; _builder_version=&#8221;4.21.0&#8243; _module_preset=&#8221;default&#8221; global_colors_info=&#8221;{}&#8221;][\/et_pb_gallery][\/et_pb_column][\/et_pb_row][\/et_pb_section]<\/p>\n","protected":false},"excerpt":{"rendered":"<p>Upravljanje nepremi\u010dninNotranje oblikovanje Po ve\u010d letih dela v Londonu za podjetje Urban Planters, kjer smo opremljali pisarne in domove, zdaj prina\u0161amo na\u0161e znanje tudi k vam. Kvalificirani za notranjo oblikovanje smo ustvarjalni strokovnjaki na podro\u010dju zelenja, rastlin in cvetja za va\u0161 dom in pisarno. Pisarne \u0161e posebej ponujajo ugodno okolje za uspevanje tropskih rastlin. Tudi [&hellip;]<\/p>\n","protected":false},"author":1,"featured_media":0,"parent":0,"menu_order":0,"comment_status":"closed","ping_status":"closed","template":"","meta":{"_et_pb_use_builder":"on","_et_pb_old_content":"","_et_gb_content_width":"","footnotes":""},"class_list":["post-1400","page","type-page","status-publish","hentry"],"_links":{"self":[{"href":"https:\/\/www.greyhound.si\/index.php?rest_route=\/wp\/v2\/pages\/1400","targetHints":{"allow":["GET"]}}],"collection":[{"href":"https:\/\/www.greyhound.si\/index.php?rest_route=\/wp\/v2\/pages"}],"about":[{"href":"https:\/\/www.greyhound.si\/index.php?rest_route=\/wp\/v2\/types\/page"}],"author":[{"embeddable":true,"href":"https:\/\/www.greyhound.si\/index.php?rest_route=\/wp\/v2\/users\/1"}],"replies":[{"embeddable":true,"href":"https:\/\/www.greyhound.si\/index.php?rest_route=%2Fwp%2Fv2%2Fcomments&post=1400"}],"version-history":[{"count":9,"href":"https:\/\/www.greyhound.si\/index.php?rest_route=\/wp\/v2\/pages\/1400\/revisions"}],"predecessor-version":[{"id":2289,"href":"https:\/\/www.greyhound.si\/index.php?rest_route=\/wp\/v2\/pages\/1400\/revisions\/2289"}],"wp:attachment":[{"href":"https:\/\/www.greyhound.si\/index.php?rest_route=%2Fwp%2Fv2%2Fmedia&parent=1400"}],"curies":[{"name":"wp","href":"https:\/\/api.w.org\/{rel}","templated":true}]}}