{"id":1397,"date":"2023-05-16T15:57:19","date_gmt":"2023-05-16T15:57:19","guid":{"rendered":"https:\/\/www.greyhound.si\/?page_id=1397"},"modified":"2023-06-06T19:36:19","modified_gmt":"2023-06-06T19:36:19","slug":"home_maintenance_si","status":"publish","type":"page","link":"https:\/\/www.greyhound.si\/?page_id=1397&lang=sl","title":{"rendered":"home_maintenance_si"},"content":{"rendered":"<p>[et_pb_section fb_built=&#8221;1&#8243; _builder_version=&#8221;4.21.0&#8243; _module_preset=&#8221;default&#8221; background_color=&#8221;#0F3762&#8243; custom_padding=&#8221;0px||49px|||&#8221; global_colors_info=&#8221;{}&#8221;][et_pb_row _builder_version=&#8221;4.16&#8243; _module_preset=&#8221;default&#8221; global_colors_info=&#8221;{}&#8221;][et_pb_column type=&#8221;4_4&#8243; _builder_version=&#8221;4.16&#8243; _module_preset=&#8221;default&#8221; global_colors_info=&#8221;{}&#8221;][et_pb_text _builder_version=&#8221;4.21.0&#8243; _module_preset=&#8221;default&#8221; text_text_color=&#8221;#FFFFFF&#8221; text_font_size=&#8221;30px&#8221; text_line_height=&#8221;1em&#8221; header_text_color=&#8221;#FFFFFF&#8221; header_font_size=&#8221;37px&#8221; hover_enabled=&#8221;0&#8243; global_colors_info=&#8221;{}&#8221; sticky_enabled=&#8221;0&#8243;]<\/p>\n<p style=\"text-align: left;\">Upravljanje nepremi\u010dnin<\/p>\n<p>[\/et_pb_text][et_pb_text _builder_version=&#8221;4.21.0&#8243; _module_preset=&#8221;default&#8221; text_text_color=&#8221;#FFFFFF&#8221; text_font_size=&#8221;1px&#8221; header_text_color=&#8221;#EA7B2E&#8221; header_font_size=&#8221;51px&#8221; hover_enabled=&#8221;0&#8243; global_colors_info=&#8221;{}&#8221; sticky_enabled=&#8221;0&#8243;]<\/p>\n<h1 style=\"text-align: left;\"><strong>Vzdr\u017eevanje in popravila<\/strong><\/h1>\n<p>[\/et_pb_text][\/et_pb_column][\/et_pb_row][et_pb_row column_structure=&#8221;1_2,1_2&#8243; _builder_version=&#8221;4.21.0&#8243; _module_preset=&#8221;default&#8221; width=&#8221;68%&#8221; global_colors_info=&#8221;{}&#8221;][et_pb_column type=&#8221;1_2&#8243; _builder_version=&#8221;4.16&#8243; _module_preset=&#8221;default&#8221; global_colors_info=&#8221;{}&#8221;][et_pb_text _builder_version=&#8221;4.21.0&#8243; _module_preset=&#8221;default&#8221; text_text_color=&#8221;#FFFFFF&#8221; global_colors_info=&#8221;{}&#8221;]<\/p>\n<blockquote>\n<p><strong>Storitev vzdr\u017eevanja nepremi\u010dnin na\u0161ega podjetja je zasnovana tako, da zagotavlja, da so nepremi\u010dnine na\u0161ih strank dobro vzdr\u017eevane in vedno v odli\u010dnem stanju. Razumemo, da je vzdr\u017eevanje nepremi\u010dnin klju\u010dnega pomena pri lastni\u0161tvu nepremi\u010dnin in ponosni smo, da ponujamo storitve visoke kakovosti.<\/strong><\/p>\n<\/blockquote>\n<p><span>Na\u0161a ekipa izku\u0161enih in usposobljenih strokovnjakov za vzdr\u017eevanje je sposobna obvladovanja razli\u010dnih nalog &#8211; od rutinskih popravil in vzdr\u017eevanja do kompleksnej\u0161ih projektov, kot so preurejanje in obnova. Tesno sodelujemo s strankami, da razvijemo prilagojene na\u010drte vzdr\u017eevanja, ki ustrezajo njihovim edinstvenim potrebam in prora\u010dunu. <\/span><\/p>\n<p><span>Na\u0161e storitve vzdr\u017eevanja zajemajo vse, od urejanja okolice in skrbi za travnike do vodovodnih in elektri\u010dnih del ter dekorativnih popravil. Prav tako lahko opravimo nakup in zamenjavo predmetov, da vam olaj\u0161amo delo.<\/span><\/p>\n<blockquote>\n<p><strong>Nobeno delo ni preve<span>\u010d<\/span> za nas. Na\u0161a kombinirana vozila so idealna za vse naloge.<\/strong><\/p>\n<\/blockquote>\n<p>&nbsp;<\/p>\n<p>[\/et_pb_text][\/et_pb_column][et_pb_column type=&#8221;1_2&#8243; _builder_version=&#8221;4.16&#8243; _module_preset=&#8221;default&#8221; global_colors_info=&#8221;{}&#8221;][et_pb_image src=&#8221;https:\/\/www.greyhound.si\/wp-content\/uploads\/2023\/05\/20221025_091316-scaled.jpg&#8221; title_text=&#8221;20221025_091316&#8243; _builder_version=&#8221;4.21.0&#8243; _module_preset=&#8221;default&#8221; border_style_all=&#8221;none&#8221; global_colors_info=&#8221;{}&#8221;][\/et_pb_image][et_pb_gallery gallery_ids=&#8221;1267,1272&#8243; _builder_version=&#8221;4.21.0&#8243; _module_preset=&#8221;default&#8221; global_colors_info=&#8221;{}&#8221;][\/et_pb_gallery][\/et_pb_column][\/et_pb_row][\/et_pb_section][et_pb_section fb_built=&#8221;1&#8243; _builder_version=&#8221;4.21.0&#8243; _module_preset=&#8221;default&#8221; global_colors_info=&#8221;{}&#8221;][et_pb_row _builder_version=&#8221;4.21.0&#8243; _module_preset=&#8221;default&#8221; global_colors_info=&#8221;{}&#8221;][et_pb_column type=&#8221;4_4&#8243; _builder_version=&#8221;4.21.0&#8243; _module_preset=&#8221;default&#8221; global_colors_info=&#8221;{}&#8221;][\/et_pb_column][\/et_pb_row][\/et_pb_section]<\/p>\n","protected":false},"excerpt":{"rendered":"<p>Upravljanje nepremi\u010dninVzdr\u017eevanje in popravila Storitev vzdr\u017eevanja nepremi\u010dnin na\u0161ega podjetja je zasnovana tako, da zagotavlja, da so nepremi\u010dnine na\u0161ih strank dobro vzdr\u017eevane in vedno v odli\u010dnem stanju. Razumemo, da je vzdr\u017eevanje nepremi\u010dnin klju\u010dnega pomena pri lastni\u0161tvu nepremi\u010dnin in ponosni smo, da ponujamo storitve visoke kakovosti. Na\u0161a ekipa izku\u0161enih in usposobljenih strokovnjakov za vzdr\u017eevanje je sposobna obvladovanja [&hellip;]<\/p>\n","protected":false},"author":1,"featured_media":0,"parent":0,"menu_order":0,"comment_status":"closed","ping_status":"closed","template":"","meta":{"_et_pb_use_builder":"on","_et_pb_old_content":"","_et_gb_content_width":"","footnotes":""},"class_list":["post-1397","page","type-page","status-publish","hentry"],"_links":{"self":[{"href":"https:\/\/www.greyhound.si\/index.php?rest_route=\/wp\/v2\/pages\/1397","targetHints":{"allow":["GET"]}}],"collection":[{"href":"https:\/\/www.greyhound.si\/index.php?rest_route=\/wp\/v2\/pages"}],"about":[{"href":"https:\/\/www.greyhound.si\/index.php?rest_route=\/wp\/v2\/types\/page"}],"author":[{"embeddable":true,"href":"https:\/\/www.greyhound.si\/index.php?rest_route=\/wp\/v2\/users\/1"}],"replies":[{"embeddable":true,"href":"https:\/\/www.greyhound.si\/index.php?rest_route=%2Fwp%2Fv2%2Fcomments&post=1397"}],"version-history":[{"count":6,"href":"https:\/\/www.greyhound.si\/index.php?rest_route=\/wp\/v2\/pages\/1397\/revisions"}],"predecessor-version":[{"id":2288,"href":"https:\/\/www.greyhound.si\/index.php?rest_route=\/wp\/v2\/pages\/1397\/revisions\/2288"}],"wp:attachment":[{"href":"https:\/\/www.greyhound.si\/index.php?rest_route=%2Fwp%2Fv2%2Fmedia&parent=1397"}],"curies":[{"name":"wp","href":"https:\/\/api.w.org\/{rel}","templated":true}]}}