{"id":1110,"date":"2023-05-11T06:57:57","date_gmt":"2023-05-11T06:57:57","guid":{"rendered":"https:\/\/www.greyhound.si\/?page_id=1110"},"modified":"2023-06-06T19:35:04","modified_gmt":"2023-06-06T19:35:04","slug":"cleaning_si","status":"publish","type":"page","link":"https:\/\/www.greyhound.si\/?page_id=1110&lang=sl","title":{"rendered":"Cleaning_si"},"content":{"rendered":"<p>[et_pb_section fb_built=&#8221;1&#8243; _builder_version=&#8221;4.20.4&#8243; _module_preset=&#8221;default&#8221; background_color=&#8221;#0F3762&#8243; custom_padding=&#8221;0px|||||&#8221; global_colors_info=&#8221;{}&#8221;][et_pb_row _builder_version=&#8221;4.16&#8243; _module_preset=&#8221;default&#8221; global_colors_info=&#8221;{}&#8221;][et_pb_column type=&#8221;4_4&#8243; _builder_version=&#8221;4.16&#8243; _module_preset=&#8221;default&#8221; global_colors_info=&#8221;{}&#8221;][et_pb_text _builder_version=&#8221;4.21.0&#8243; _module_preset=&#8221;default&#8221; text_text_color=&#8221;#FFFFFF&#8221; text_font_size=&#8221;30px&#8221; text_line_height=&#8221;1em&#8221; header_text_color=&#8221;#FFFFFF&#8221; header_font_size=&#8221;37px&#8221; hover_enabled=&#8221;0&#8243; global_colors_info=&#8221;{}&#8221; sticky_enabled=&#8221;0&#8243;]<\/p>\n<p style=\"text-align: left;\">Upravljanje nepremi\u010dnin<\/p>\n<p>[\/et_pb_text][et_pb_text _builder_version=&#8221;4.20.4&#8243; _module_preset=&#8221;default&#8221; text_text_color=&#8221;#FFFFFF&#8221; text_font_size=&#8221;1px&#8221; header_text_color=&#8221;#EA7B2E&#8221; header_font_size=&#8221;60px&#8221; global_colors_info=&#8221;{}&#8221;]<\/p>\n<h1 style=\"text-align: left;\"><strong>\u010ci\u0161\u010denje<\/strong><\/h1>\n<p>[\/et_pb_text][\/et_pb_column][\/et_pb_row][et_pb_row column_structure=&#8221;3_4,1_4&#8243; _builder_version=&#8221;4.21.0&#8243; _module_preset=&#8221;default&#8221; global_colors_info=&#8221;{}&#8221;][et_pb_column type=&#8221;3_4&#8243; _builder_version=&#8221;4.16&#8243; _module_preset=&#8221;default&#8221; global_colors_info=&#8221;{}&#8221;][et_pb_text _builder_version=&#8221;4.21.0&#8243; _module_preset=&#8221;default&#8221; text_text_color=&#8221;#FFFFFF&#8221; global_colors_info=&#8221;{}&#8221;]<\/p>\n<blockquote>\n<p><strong><span>Na\u0161a storitev \u010di\u0161\u010denja je zasnovana tako, da zagotavlja \u010di\u0161\u010denje in razku\u017eevanje najemnih nepremi\u010dnin ter komercialnih prostorov v skladu z najvi\u0161jimi standardi, pripravljene za naslednjega gosta.<\/span> <\/strong><\/p>\n<\/blockquote>\n<p><span>Na\u0161a ekipa strokovnih \u010distilcev je opremljena z najbolj\u0161imi \u010distilnimi orodji in izdelki. Uporabljamo okolju prijazne in netoksi\u010dne produkte, da zagotovimo, da so na\u0161e storitve \u010di\u0161\u010denja varne tako za goste kot tudi za okolje.<\/span><\/p>\n<p><span>Na\u0161e storitve \u010di\u0161\u010denja zajemajo vse, od splo\u0161nega \u010di\u0161\u010denja do temeljitega \u010di\u0161\u010denja prostorov, vklju\u010dno s preprogami, oblazinjenimi in drugimi tekstilnimi povr\u0161inami. Prav tako nudimo storitve pranja posteljnine in brisa\u010d ter likanje in dostavo.<\/span><\/p>\n<blockquote>\n<p><strong>Poskrbimo za vse samo zato, da vam ni treba.<\/strong><\/p>\n<\/blockquote>\n<p>[\/et_pb_text][\/et_pb_column][et_pb_column type=&#8221;1_4&#8243; _builder_version=&#8221;4.16&#8243; _module_preset=&#8221;default&#8221; global_colors_info=&#8221;{}&#8221;][et_pb_image src=&#8221;https:\/\/www.greyhound.si\/wp-content\/uploads\/2023\/04\/cleaning.jpg&#8221; title_text=&#8221;cleaning&#8221; _builder_version=&#8221;4.20.4&#8243; _module_preset=&#8221;default&#8221; border_style_all=&#8221;none&#8221; global_colors_info=&#8221;{}&#8221;][\/et_pb_image][et_pb_gallery gallery_ids=&#8221;942&#8243; _builder_version=&#8221;4.20.4&#8243; _module_preset=&#8221;default&#8221; global_colors_info=&#8221;{}&#8221;][\/et_pb_gallery][\/et_pb_column][\/et_pb_row][\/et_pb_section][et_pb_section fb_built=&#8221;1&#8243; _builder_version=&#8221;4.21.0&#8243; _module_preset=&#8221;default&#8221; background_color=&#8221;#EA7B2E&#8221; global_colors_info=&#8221;{}&#8221;][et_pb_row _builder_version=&#8221;4.21.0&#8243; _module_preset=&#8221;default&#8221; background_color=&#8221;#EA7B2E&#8221; global_colors_info=&#8221;{}&#8221;][et_pb_column type=&#8221;4_4&#8243; _builder_version=&#8221;4.20.4&#8243; _module_preset=&#8221;default&#8221; global_colors_info=&#8221;{}&#8221;][et_pb_gallery gallery_ids=&#8221;844,1609,1600,1627&#8243; show_title_and_caption=&#8221;off&#8221; show_pagination=&#8221;off&#8221; _builder_version=&#8221;4.21.0&#8243; _module_preset=&#8221;default&#8221; global_colors_info=&#8221;{}&#8221;][\/et_pb_gallery][et_pb_gallery gallery_ids=&#8221;1004&#8243; _builder_version=&#8221;4.20.4&#8243; _module_preset=&#8221;default&#8221; background_color=&#8221;#EA7B2E&#8221; global_colors_info=&#8221;{}&#8221;][\/et_pb_gallery][\/et_pb_column][\/et_pb_row][\/et_pb_section][et_pb_section fb_built=&#8221;1&#8243; fullwidth=&#8221;on&#8221; _builder_version=&#8221;4.20.4&#8243; _module_preset=&#8221;default&#8221; background_color=&#8221;#FFFFFF&#8221; global_colors_info=&#8221;{}&#8221;][et_pb_fullwidth_code _builder_version=&#8221;4.20.4&#8243; _module_preset=&#8221;default&#8221; text_orientation=&#8221;center&#8221; global_colors_info=&#8221;{}&#8221;][\/et_pb_fullwidth_code][\/et_pb_section]<\/p>\n","protected":false},"excerpt":{"rendered":"<p>Upravljanje nepremi\u010dnin\u010ci\u0161\u010denje Na\u0161a storitev \u010di\u0161\u010denja je zasnovana tako, da zagotavlja \u010di\u0161\u010denje in razku\u017eevanje najemnih nepremi\u010dnin ter komercialnih prostorov v skladu z najvi\u0161jimi standardi, pripravljene za naslednjega gosta. Na\u0161a ekipa strokovnih \u010distilcev je opremljena z najbolj\u0161imi \u010distilnimi orodji in izdelki. Uporabljamo okolju prijazne in netoksi\u010dne produkte, da zagotovimo, da so na\u0161e storitve \u010di\u0161\u010denja varne tako za [&hellip;]<\/p>\n","protected":false},"author":1,"featured_media":0,"parent":0,"menu_order":0,"comment_status":"closed","ping_status":"closed","template":"","meta":{"_et_pb_use_builder":"on","_et_pb_old_content":"","_et_gb_content_width":"","footnotes":""},"class_list":["post-1110","page","type-page","status-publish","hentry"],"_links":{"self":[{"href":"https:\/\/www.greyhound.si\/index.php?rest_route=\/wp\/v2\/pages\/1110","targetHints":{"allow":["GET"]}}],"collection":[{"href":"https:\/\/www.greyhound.si\/index.php?rest_route=\/wp\/v2\/pages"}],"about":[{"href":"https:\/\/www.greyhound.si\/index.php?rest_route=\/wp\/v2\/types\/page"}],"author":[{"embeddable":true,"href":"https:\/\/www.greyhound.si\/index.php?rest_route=\/wp\/v2\/users\/1"}],"replies":[{"embeddable":true,"href":"https:\/\/www.greyhound.si\/index.php?rest_route=%2Fwp%2Fv2%2Fcomments&post=1110"}],"version-history":[{"count":8,"href":"https:\/\/www.greyhound.si\/index.php?rest_route=\/wp\/v2\/pages\/1110\/revisions"}],"predecessor-version":[{"id":2287,"href":"https:\/\/www.greyhound.si\/index.php?rest_route=\/wp\/v2\/pages\/1110\/revisions\/2287"}],"wp:attachment":[{"href":"https:\/\/www.greyhound.si\/index.php?rest_route=%2Fwp%2Fv2%2Fmedia&parent=1110"}],"curies":[{"name":"wp","href":"https:\/\/api.w.org\/{rel}","templated":true}]}}