{"id":1097,"date":"2023-05-11T06:49:59","date_gmt":"2023-05-11T06:49:59","guid":{"rendered":"https:\/\/www.greyhound.si\/?page_id=1097"},"modified":"2023-06-06T19:34:05","modified_gmt":"2023-06-06T19:34:05","slug":"booking-services-si","status":"publish","type":"page","link":"https:\/\/www.greyhound.si\/?page_id=1097&lang=sl","title":{"rendered":"Booking Services SI"},"content":{"rendered":"<p>[et_pb_section fb_built=&#8221;1&#8243; _builder_version=&#8221;4.16&#8243; _module_preset=&#8221;default&#8221; background_color=&#8221;#0F3762&#8243; custom_padding=&#8221;0px|||||&#8221; global_colors_info=&#8221;{}&#8221;][et_pb_row _builder_version=&#8221;4.20.4&#8243; _module_preset=&#8221;default&#8221; global_colors_info=&#8221;{}&#8221;][et_pb_column type=&#8221;4_4&#8243; _builder_version=&#8221;4.16&#8243; _module_preset=&#8221;default&#8221; global_colors_info=&#8221;{}&#8221;][et_pb_text _builder_version=&#8221;4.21.0&#8243; _module_preset=&#8221;default&#8221; text_text_color=&#8221;#FFFFFF&#8221; text_font_size=&#8221;30px&#8221; text_line_height=&#8221;1em&#8221; header_text_color=&#8221;#FFFFFF&#8221; header_font_size=&#8221;37px&#8221; hover_enabled=&#8221;0&#8243; global_colors_info=&#8221;{}&#8221; sticky_enabled=&#8221;0&#8243;]<\/p>\n<p style=\"text-align: left;\">Upravljanje nepremi\u010dnin<\/p>\n<p>[\/et_pb_text][et_pb_text _builder_version=&#8221;4.21.0&#8243; _module_preset=&#8221;default&#8221; text_text_color=&#8221;#FFFFFF&#8221; text_font_size=&#8221;1px&#8221; header_text_color=&#8221;#EA7B2E&#8221; header_font_size=&#8221;51px&#8221; hover_enabled=&#8221;0&#8243; global_colors_info=&#8221;{}&#8221; sticky_enabled=&#8221;0&#8243;]<\/p>\n<h1 style=\"text-align: left;\"><strong>Upravljanje po<span>\u010ditni\u0161kih apartmajev<\/span><\/strong><\/h1>\n<p>[\/et_pb_text][\/et_pb_column][\/et_pb_row][et_pb_row _builder_version=&#8221;4.20.4&#8243; _module_preset=&#8221;default&#8221; global_colors_info=&#8221;{}&#8221;][et_pb_column type=&#8221;4_4&#8243; _builder_version=&#8221;4.20.4&#8243; _module_preset=&#8221;default&#8221; global_colors_info=&#8221;{}&#8221;][et_pb_text _builder_version=&#8221;4.21.0&#8243; _module_preset=&#8221;default&#8221; text_text_color=&#8221;#FFFFFF&#8221; global_colors_info=&#8221;{}&#8221;]<\/p>\n<blockquote>\n<p><strong><span>Trenutno ogla\u0161ujemo apartmaje na najbolj priljubljenih platformah, kot so Airbnb in Booking.com. Prav tako imamo svojo spletno stran\u00a0 <a href=\"https:\/\/www.greyhound.si\/?page_id=113&amp;lang=en\">Rezervacije | GREYHOUND.SI<\/a>, kjer najdete vse na\u0161e apartmaje. Na\u0161im strankam ponujamo ogla\u0161evanje brez provizije.<\/span><\/strong><strong><\/strong><o:p><\/o:p><\/p>\n<\/blockquote>\n<p><span>\u010ce potrebujete pomo\u010d pri obnovi ali opremljanju sob, vam pomagamo ustvariti najbolj\u0161o mo\u017eno razli\u010dico apartmaja za kratkoro\u010dno oddajanje. <\/span><\/p>\n<p><span>Ko prostor uredimo, bomo organizirali fotografiranje za spletna mesta in nalo\u017eili vse informacije na platforme, pripravljene na intenzivno sezono. <\/span><\/p>\n<p><span>Poleg tega poskrbimo za \u010di\u0161\u010denje, zagotavljamo storitev pranja perila in skrbimo za morebitna vzdr\u017eevalna dela. <\/span><\/p>\n<p><span>Provizijo za na\u0161e storitve dobimo po tem, ko gost pla\u010da. Koliko? Na primer: \u010de ste pla\u010dani 60 EUR na no\u010d plus str\u0161oki \u010di\u0161\u010denja 35 EUR plus turisti\u010dna taksa, je va\u0161a provizija obra\u010dunana in odbita od neto zneska 60 EUR.<\/span><\/p>\n<p><span>&#8220;Koliko?&#8221; 15% &#8211; 20% glede na lokacijo in velikost nepremi\u010dnine.<\/span><br \/><o:p><\/o:p><\/p>\n<blockquote>\n<p><strong>Za dogovor o obisku va\u0161e nepremi\u010dnine nas prosim, kontaktirajte.<\/strong><\/p>\n<\/blockquote>\n<p>[\/et_pb_text][et_pb_image title_text=&#8221;Budapest_6&#8243; _builder_version=&#8221;4.21.0&#8243; _module_preset=&#8221;default&#8221; border_style_all=&#8221;none&#8221; global_colors_info=&#8221;{}&#8221;][\/et_pb_image][\/et_pb_column][\/et_pb_row][\/et_pb_section][et_pb_section fb_built=&#8221;1&#8243; _builder_version=&#8221;4.21.0&#8243; _module_preset=&#8221;default&#8221; background_color=&#8221;#EA7B2E&#8221; global_colors_info=&#8221;{}&#8221;][et_pb_row _builder_version=&#8221;4.21.0&#8243; _module_preset=&#8221;default&#8221; global_colors_info=&#8221;{}&#8221;][et_pb_column type=&#8221;4_4&#8243; _builder_version=&#8221;4.21.0&#8243; _module_preset=&#8221;default&#8221; global_colors_info=&#8221;{}&#8221;][et_pb_gallery gallery_ids=&#8221;841,848,849,865&#8243; show_title_and_caption=&#8221;off&#8221; show_pagination=&#8221;off&#8221; _builder_version=&#8221;4.21.0&#8243; _module_preset=&#8221;default&#8221; global_colors_info=&#8221;{}&#8221;][\/et_pb_gallery][\/et_pb_column][\/et_pb_row][\/et_pb_section]<\/p>\n","protected":false},"excerpt":{"rendered":"<p>Upravljanje nepremi\u010dninUpravljanje po\u010ditni\u0161kih apartmajev Trenutno ogla\u0161ujemo apartmaje na najbolj priljubljenih platformah, kot so Airbnb in Booking.com. Prav tako imamo svojo spletno stran\u00a0 Rezervacije | GREYHOUND.SI, kjer najdete vse na\u0161e apartmaje. Na\u0161im strankam ponujamo ogla\u0161evanje brez provizije. \u010ce potrebujete pomo\u010d pri obnovi ali opremljanju sob, vam pomagamo ustvariti najbolj\u0161o mo\u017eno razli\u010dico apartmaja za kratkoro\u010dno oddajanje. Ko [&hellip;]<\/p>\n","protected":false},"author":1,"featured_media":0,"parent":0,"menu_order":0,"comment_status":"closed","ping_status":"closed","template":"","meta":{"_et_pb_use_builder":"on","_et_pb_old_content":"","_et_gb_content_width":"","footnotes":""},"class_list":["post-1097","page","type-page","status-publish","hentry"],"_links":{"self":[{"href":"https:\/\/www.greyhound.si\/index.php?rest_route=\/wp\/v2\/pages\/1097","targetHints":{"allow":["GET"]}}],"collection":[{"href":"https:\/\/www.greyhound.si\/index.php?rest_route=\/wp\/v2\/pages"}],"about":[{"href":"https:\/\/www.greyhound.si\/index.php?rest_route=\/wp\/v2\/types\/page"}],"author":[{"embeddable":true,"href":"https:\/\/www.greyhound.si\/index.php?rest_route=\/wp\/v2\/users\/1"}],"replies":[{"embeddable":true,"href":"https:\/\/www.greyhound.si\/index.php?rest_route=%2Fwp%2Fv2%2Fcomments&post=1097"}],"version-history":[{"count":11,"href":"https:\/\/www.greyhound.si\/index.php?rest_route=\/wp\/v2\/pages\/1097\/revisions"}],"predecessor-version":[{"id":2286,"href":"https:\/\/www.greyhound.si\/index.php?rest_route=\/wp\/v2\/pages\/1097\/revisions\/2286"}],"wp:attachment":[{"href":"https:\/\/www.greyhound.si\/index.php?rest_route=%2Fwp%2Fv2%2Fmedia&parent=1097"}],"curies":[{"name":"wp","href":"https:\/\/api.w.org\/{rel}","templated":true}]}}