{"id":1041,"date":"2023-05-11T05:56:30","date_gmt":"2023-05-11T05:56:30","guid":{"rendered":"https:\/\/www.greyhound.si\/?page_id=1041"},"modified":"2023-06-05T17:38:43","modified_gmt":"2023-06-05T17:38:43","slug":"about_si","status":"publish","type":"page","link":"https:\/\/www.greyhound.si\/?page_id=1041&lang=sl","title":{"rendered":"About_si"},"content":{"rendered":"<p>[et_pb_section fb_built=&#8221;1&#8243; _builder_version=&#8221;4.20.4&#8243; _module_preset=&#8221;default&#8221; background_color=&#8221;#0F3762&#8243; custom_padding=&#8221;0px||||false|false&#8221; global_colors_info=&#8221;{}&#8221;][et_pb_row _builder_version=&#8221;4.20.4&#8243; _module_preset=&#8221;default&#8221; global_colors_info=&#8221;{}&#8221;][et_pb_column type=&#8221;4_4&#8243; _builder_version=&#8221;4.16&#8243; _module_preset=&#8221;default&#8221; global_colors_info=&#8221;{}&#8221;][et_pb_text _builder_version=&#8221;4.21.0&#8243; _module_preset=&#8221;default&#8221; text_text_color=&#8221;#FFFFFF&#8221; text_font_size=&#8221;30px&#8221; text_line_height=&#8221;1em&#8221; header_text_color=&#8221;#FFFFFF&#8221; header_font_size=&#8221;37px&#8221; global_colors_info=&#8221;{}&#8221;]<\/p>\n<p style=\"text-align: left;\">O nas<\/p>\n<p>[\/et_pb_text][\/et_pb_column][\/et_pb_row][et_pb_row column_structure=&#8221;3_5,2_5&#8243; _builder_version=&#8221;4.21.0&#8243; _module_preset=&#8221;default&#8221; global_colors_info=&#8221;{}&#8221;][et_pb_column type=&#8221;3_5&#8243; _builder_version=&#8221;4.16&#8243; _module_preset=&#8221;default&#8221; global_colors_info=&#8221;{}&#8221;][et_pb_text _builder_version=&#8221;4.21.0&#8243; _module_preset=&#8221;default&#8221; text_text_color=&#8221;#FFFFFF&#8221; global_colors_info=&#8221;{}&#8221;]<\/p>\n<blockquote>\n<p><strong><span>Dobrodo\u0161li na na\u0161i spletni strani. <\/span><\/strong><\/p>\n<p><strong><span>Pri podjetju Greyhound Property and Management vam nudimo re\u0161itve, podporo, pove\u010danje dobi\u010dka in odstranitev logisti\u010dnih te\u017eav poslovanja. Dovolite nam, da opravimo te\u017eko delo in za vas odstranimo skrbi va\u0161ega dneva.<\/span><\/strong><\/p>\n<\/blockquote>\n<p><span>Podpirali bomo vas in va\u0161e podjetje, dokler boste potrebovali na\u0161o pomo\u010d. <\/span><span style=\"font-size: 16px;\">Ne glede na to ali gre pri va\u0161i najemni nepremi\u010dnini za prenovo, upravljanje in organizacijo del, ki jih sami ne morete opraviti, urejanjem turisti\u010dne takse ali globinskim \u010di\u0161\u010denjem &#8230; se mi ne ustavim tu. Imamo bogate izku\u0161nje tudi na podro\u010dju obnov in urejanja okolice, ter seveda ustrezne kvalifikacije za tovrstna dela.<\/span><\/p>\n<p><span>To pa je samo ena stran na\u0161ega poslovanja. Ponujamo tudi celovito upravljanje nepremi\u010dnin in oddajo. S pomo\u010djo razli\u010dnih platform poi\u0161\u010demo goste in z njimi vzdr\u017eujemo stik, da se prepri\u010damo, da imajo popolno bivanje. Ker smo &#8220;Super gostitelji&#8221; na Airbnb, se bo va\u0161e stanovanje uvrstilo vi\u0161je na njihovih iskalnikih. Airbnb bo tistim, ki i\u0161\u010dejo namestitev, sporo\u010dil, da je gostitelj (mi) Super gostitelj. Prav tako imamo odli\u010dne ocene na Booking.com z oceno 9\/10 in ve\u010d kot 200 ocenami za nepremi\u010dnine, ki jih trenutno oddajamo. Na\u0161a lastna platforma je Greyhound Property &amp; Management pod zavihkom &#8220;Rezervacije&#8221; na tej spletni strani. Oddaljena je le <strong> <a href=\"\/booking-prekmurje\/\">en klik stran<\/a><\/strong>! To je dobra novica za vse!<\/span><\/p>\n<p><span>\u0160e ve\u010d dobrih novic. Ukvarjamo se z vsem, kar je potrebno za oddajanje. Od urejanja va<span style=\"font-size: 16px;\">\u0161<\/span>e neprem\u010dnine, turisti\u010dne takse, do organizacije profesionalnih fotografij, \u010di\u0161\u010denja in vzdr\u017eevanja po potrebi.<\/span><\/p>\n<blockquote>\n<p><strong>Nekaj zanimivih dejstev o nas! Imamo 25 let izku\u0161enj na podro\u010dju obnov, 35 let izku\u0161enj v vrtnarstvu ter 7 let izku\u0161enj v oddajanju in upravljanju nepremi\u010dnin. V Sloveniji je veliko ovir, ki jih je treba premagati in mi imamo vsa orodja, da vam pomagamo prebroditi vsako oviro. Sede\u017e podjetja je v Mariboru, pokrivamo pa celotno Slovenijo in Budimpe\u0161to, ter se hitro \u0161irimo v mnoga nova mesta.<\/strong><\/p>\n<\/blockquote>\n<p><span>Lastnik podjetja je iz Anglije, vendar smo registrirani v Sloveniji. Imamo ekipo z znanjem ve\u010dih jezikov. Po\u0161ljite nam sporo\u010dilo preko klepeta, ki se nahaja v spodnjem desnem kotu zaslona in pustite, da vam pomagamo na kakr\u0161en koli na\u010din, da va\u0161e poslovanje ste\u010de hitreje.<\/span><\/p>\n<p>[\/et_pb_text][\/et_pb_column][et_pb_column type=&#8221;2_5&#8243; _builder_version=&#8221;4.16&#8243; _module_preset=&#8221;default&#8221; global_colors_info=&#8221;{}&#8221;][et_pb_image src=&#8221;https:\/\/www.greyhound.si\/wp-content\/uploads\/2023\/05\/20221004_122719.LARGE_-scaled.jpeg&#8221; title_text=&#8221;20221004_122719.LARGE&#8221; _builder_version=&#8221;4.21.0&#8243; _module_preset=&#8221;default&#8221; border_style_all=&#8221;none&#8221; global_colors_info=&#8221;{}&#8221;][\/et_pb_image][\/et_pb_column][\/et_pb_row][\/et_pb_section][et_pb_section fb_built=&#8221;1&#8243; _builder_version=&#8221;4.16&#8243; _module_preset=&#8221;default&#8221; global_colors_info=&#8221;{}&#8221;][et_pb_row column_structure=&#8221;1_3,2_3&#8243; make_equal=&#8221;on&#8221; _builder_version=&#8221;4.21.0&#8243; _module_preset=&#8221;default&#8221; max_width=&#8221;1259px&#8221; global_colors_info=&#8221;{}&#8221;][et_pb_column type=&#8221;1_3&#8243; _builder_version=&#8221;4.16&#8243; _module_preset=&#8221;default&#8221; global_colors_info=&#8221;{}&#8221;][et_pb_gallery gallery_ids=&#8221;1047&#8243; show_title_and_caption=&#8221;off&#8221; _builder_version=&#8221;4.21.0&#8243; _module_preset=&#8221;default&#8221; width=&#8221;100%&#8221; custom_padding=&#8221;|||0px||&#8221; global_colors_info=&#8221;{}&#8221;][\/et_pb_gallery][\/et_pb_column][et_pb_column type=&#8221;2_3&#8243; _builder_version=&#8221;4.21.0&#8243; _module_preset=&#8221;default&#8221; global_colors_info=&#8221;{}&#8221;][et_pb_text _builder_version=&#8221;4.21.0&#8243; _module_preset=&#8221;default&#8221; custom_padding=&#8221;|||0px||&#8221; hover_enabled=&#8221;0&#8243; global_colors_info=&#8221;{}&#8221; sticky_enabled=&#8221;0&#8243;]<\/p>\n<p><span>Moje ime je Melanie Johnston in sem ustanoviteljica tega podjetja ter oseba, ki je v preteklih 50 letih do\u017eivela vsako izku\u0161njo in storiteve, ki jih ponujamo na tej spletni strani. <\/span><\/p>\n<p><span>Moja profesionalna pot se je za\u010dela po \u0161oli, vendar sem se \u017ee pri 8 letih za\u010dela ukvarjati z vrtnarjenjem. Pri mojihdvajsetih letih sem za\u010dela tudi s prenovo nepremi\u010dnin in po potrebi to zdru\u017eilaz vrtnarjenjem. Leta 2017 sem se preselila v Slovenijo in svoj sposobnosti prinesla v novo dr\u017eavo, poleg tega pa tudi v Mad\u017earsko v Budimpe\u0161to. Strast imam do starih zgradb in v tem okolju je zagotovo obilico nepremi\u010dnin, ki jih je vredno ob\u010dudovati. <\/span><\/p>\n<p><span>Poleg tega imam lastne apartmaje, ki jih \u017ee ve\u010d kot 7 let oddajam preko razli\u010dnih platform, kot je Booking.com. U\u017eivam v tem, ko lahko ustvarim pasiven dohodek iz nepremi\u010dnine, notranjega ali zunanjega prostora. <\/span><\/p>\n<p><span>Tukaj ste v dobrih rokah, in z veseljem vam bom na razli\u010dne na\u010dine pomagala pri uresni\u010devanju va\u0161e vizije za va\u0161 dom, po\u010ditni\u0161ko oddajo in vrt. <\/span><\/p>\n<p><span>To bo moje najve\u010dje zadovoljstvo!<\/span><\/p>\n<p><span><\/span><\/p>\n<p><span><\/span><\/p>\n<p>[\/et_pb_text][\/et_pb_column][\/et_pb_row][\/et_pb_section]<\/p>\n","protected":false},"excerpt":{"rendered":"<p>O nas Dobrodo\u0161li na na\u0161i spletni strani. Pri podjetju Greyhound Property and Management vam nudimo re\u0161itve, podporo, pove\u010danje dobi\u010dka in odstranitev logisti\u010dnih te\u017eav poslovanja. Dovolite nam, da opravimo te\u017eko delo in za vas odstranimo skrbi va\u0161ega dneva. Podpirali bomo vas in va\u0161e podjetje, dokler boste potrebovali na\u0161o pomo\u010d. Ne glede na to ali gre pri [&hellip;]<\/p>\n","protected":false},"author":1,"featured_media":0,"parent":0,"menu_order":0,"comment_status":"closed","ping_status":"closed","template":"","meta":{"_et_pb_use_builder":"on","_et_pb_old_content":"<!-- wp:divi\/placeholder \/-->","_et_gb_content_width":"","footnotes":""},"class_list":["post-1041","page","type-page","status-publish","hentry"],"_links":{"self":[{"href":"https:\/\/www.greyhound.si\/index.php?rest_route=\/wp\/v2\/pages\/1041","targetHints":{"allow":["GET"]}}],"collection":[{"href":"https:\/\/www.greyhound.si\/index.php?rest_route=\/wp\/v2\/pages"}],"about":[{"href":"https:\/\/www.greyhound.si\/index.php?rest_route=\/wp\/v2\/types\/page"}],"author":[{"embeddable":true,"href":"https:\/\/www.greyhound.si\/index.php?rest_route=\/wp\/v2\/users\/1"}],"replies":[{"embeddable":true,"href":"https:\/\/www.greyhound.si\/index.php?rest_route=%2Fwp%2Fv2%2Fcomments&post=1041"}],"version-history":[{"count":15,"href":"https:\/\/www.greyhound.si\/index.php?rest_route=\/wp\/v2\/pages\/1041\/revisions"}],"predecessor-version":[{"id":2246,"href":"https:\/\/www.greyhound.si\/index.php?rest_route=\/wp\/v2\/pages\/1041\/revisions\/2246"}],"wp:attachment":[{"href":"https:\/\/www.greyhound.si\/index.php?rest_route=%2Fwp%2Fv2%2Fmedia&parent=1041"}],"curies":[{"name":"wp","href":"https:\/\/api.w.org\/{rel}","templated":true}]}}